{"id":108,"date":"2018-02-08T15:00:50","date_gmt":"2018-02-08T14:00:50","guid":{"rendered":"https:\/\/mobileinclusion.projects.tu-berlin.de\/mi\/?page_id=108"},"modified":"2025-03-11T19:41:34","modified_gmt":"2025-03-11T18:41:34","slug":"__trashed-2","status":"publish","type":"page","link":"https:\/\/mobileinclusion.projects.tu-berlin.de\/mi\/","title":{"rendered":"MobileInclusion"},"content":{"rendered":"<div class=\"fusion-fullwidth fullwidth-box fusion-builder-row-1 nonhundred-percent-fullwidth non-hundred-percent-height-scrolling\" style=\"background-color: rgba(255,255,255,0);background-position: center center;background-repeat: no-repeat;padding-top:0px;padding-right:0px;padding-bottom:0px;padding-left:0px;margin-bottom: 0px;margin-top: 0px;border-width: 0px 0px 0px 0px;border-color:#eae9e9;border-style:solid;\" ><div class=\"fusion-builder-row fusion-row\"><div class=\"fusion-layout-column fusion_builder_column fusion-builder-column-0 fusion_builder_column_1_1 1_1 fusion-one-full fusion-column-first fusion-column-last\" style=\"margin-top:0px;margin-bottom:20px;\"><div class=\"fusion-column-wrapper fusion-flex-column-wrapper-legacy\" style=\"background-position:left top;background-repeat:no-repeat;-webkit-background-size:cover;-moz-background-size:cover;-o-background-size:cover;background-size:cover;padding: 0px 0px 0px 0px;\"><style type=\"text\/css\"><\/style><div class=\"fusion-title title fusion-title-1 sep-underline sep-solid fusion-title-text fusion-title-size-one\" style=\"border-bottom-color:#e0dede;margin-top:40px;margin-right:0px;margin-bottom:15px;margin-left:0px;\"><h1 class=\"title-heading-left fusion-responsive-typography-calculated\" style=\"margin:0;--fontSize:34;line-height:1.4;\"><h1>MobileInclusion<\/h1>\n<h2>Forschung zu Mobilit\u00e4t und sozialer Ausgrenzung<\/h2><\/h1><\/div><div class=\"fusion-text fusion-text-1\"><p>Viele Menschen in Deutschland sind von sozialer Ausgrenzung betroffen. Weil sie zum Beispiel wenig Geld haben, k\u00f6nnen sie nicht so am \u00f6ffentlichen Leben teilnehmen, wie sie es gern w\u00fcrden.<\/p>\n<p>Diese Ungleichheit zeigt sich im Alltag: Einkommensarme Menschen fahren k\u00fcrzere Strecken und sind seltener unterwegs als Menschen mit h\u00f6herem Einkommen. Au\u00dferdem leben einige in Stadtteilen, die mit \u00f6ffentlichen Verkehrsmitteln nicht gut erreichbar sind.<\/p>\n<h3>Im Projekt MobileInclusion haben wir den Zusammenhang von sozialer Exklusion und Mobilit\u00e4t untersucht.<br \/>\nDabei ging es um zwei zentrale Fragen:<\/h3>\n<\/div><div class=\"fusion-flip-boxes flip-boxes row fusion-columns-2 flip-effect-classic\"><div class=\"fusion-flip-box-wrapper fusion-column col-lg-6 col-md-6 col-sm-6\"><div class=\"fusion-flip-box flip-right\" tabindex=\"0\"><div class=\"flip-box-inner-wrapper\"><div class=\"flip-box-front\" style=\"background-color:rgba(255,255,255,0.29);border-color:#178072;border-radius:0px;border-style:solid;border-width:2px;color:#000000;transition-duration:0.8s;\"><div class=\"flip-box-front-inner\"><div class=\"flip-box-grafix flip-box-image\"><img decoding=\"async\" src=\"https:\/\/mobileinclusion.projects.tu-berlin.de\/mi\/wp-content\/uploads\/2018\/02\/2650034451_37f0e5037_square-400x400.jpg\" width=\"230\" height=\"230\" alt=\"\u201eSubway Line 7, Paris\u201c, Thomas Claveirole, Flickr \/ CC-BY-SA 2.0 bit.ly\/mobincw2https:\/\/creativecommons.org\/licenses\/by-sa\/2.0\/\" \/><\/div><h2 class=\"flip-box-heading without-text\" style=\"color:#178072;\">Wie geht es<br \/>\nden Betroffenen?<\/h2><\/div><\/div><div class=\"flip-box-back\" style=\"background-color:rgba(51,204,204,0.11);border-color:#178072;border-radius:0px;border-style:solid;border-width:2px;color:#000000;transition-duration:0.8s;\"><div class=\"flip-box-back-inner\"><h3 class=\"flip-box-heading-back\" style=\"color:#178072;\">Perspektive<br \/>\nder Betroffenen<\/h3>\n<ul>\n<li style=\"text-align: left;\">Wie wird soziale Ausgrenzung von den Betroffenen wahrgenommen?<\/li>\n<li style=\"text-align: left;\">Sind \u201emobilit\u00e4tsarme\u201c Menschen in ihrem Alltag benachteiligt?<br \/>\nWie gehen sie damit um?<\/li>\n<\/ul>\n<h6><span style=\"color: #000000;\">Photo: <a style=\"color: #000000;\" href=\"https:\/\/www.flickr.com\/photos\/thomasclaveirole\/2650034451\/in\/photolist-53b7Va-53b8qg-8oZ5cQ-9XvEyY-5aMwyM-9Citjz-bqHnh2-oXdHTJ-9HJwQH-i1kmoV-8rdSDZ-5unMRv-9DBaFG-77W7CP-4QADtD-8YBhSy-9jvmvd-8o4fyR-89BFQS-8ruNRK-7812X7-3aNKHG-3es5B-7ov87r-uDJM1-jfQfex-8o4fze-fDfFfd-8ruNRn-9Citj6-8sQeu8-8sQeu4-KDGsw-6h4qEh-8yFXEe-8CacU-5E8N2S-bs1fbk-KDVAg-5572wg-6U3YPv-8qBC6r-6h4qDb-KDF9G-84o4CU-KDN3t-8YBhSG-oXSKkx-7fewgh-8xi1Dk\">\u201eSubway Line 7, Paris\u201c<\/a>, Thomas Claveirole, Flickr \/ <a style=\"color: #000000;\" href=\"https:\/\/creativecommons.org\/licenses\/by-sa\/2.0\/\">CC-BY-SA<\/a> 2.0, cropped<\/span><\/h6>\n<\/div><\/div><\/div><\/div><\/div><div class=\"fusion-flip-box-wrapper fusion-column col-lg-6 col-md-6 col-sm-6\"><div class=\"fusion-flip-box flip-right\" tabindex=\"0\"><div class=\"flip-box-inner-wrapper\"><div class=\"flip-box-front\" style=\"background-color:rgba(255,255,255,0.29);border-color:#178072;border-radius:0px;border-style:solid;border-width:2px;color:#000000;transition-duration:0.8s;\"><div class=\"flip-box-front-inner\"><div class=\"flip-box-grafix flip-box-image\"><img decoding=\"async\" src=\"https:\/\/mobileinclusion.projects.tu-berlin.de\/mi\/wp-content\/uploads\/2018\/02\/2147860104_1cd98aef3f_o_square-400x400.jpg\" width=\"230\" height=\"230\" alt=\"Jacob B\u00f8tter, &quot;Berlin part I - 2008&quot;, Flickr, CC-BY 2.0, cropped &amp; colour changed \/ https:\/\/creativecommons.org\/licenses\/by\/2.0\/\" \/><\/div><h2 class=\"flip-box-heading without-text\" style=\"color:#178072;\">Welche Stadtteile sind besonders \u201emobilit\u00e4tsarm\u201c?<\/h2><\/div><\/div><div class=\"flip-box-back\" style=\"background-color:rgba(51,204,204,0.11);border-color:#178072;border-radius:0px;border-style:solid;border-width:2px;color:#000000;transition-duration:0.8s;\"><div class=\"flip-box-back-inner\"><h3 class=\"flip-box-heading-back\" style=\"color:#178072;\">Perspektive<br \/>\nder Stadt<\/h3>\n<ul>\n<li style=\"text-align: left;\">Wie ist \u201eMobilit\u00e4tsarmut\u201c in der Stadt verteilt?<\/li>\n<li style=\"text-align: left;\">H\u00e4ngt sie mit dem \u00f6rtlichen Durchschnittseinkommen<br \/>\noder mit der Verf\u00fcgbarkeit des Nahverkehrs zusammen?<\/li>\n<\/ul>\n<h6><span style=\"color: #000000;\">Photo: Jacob B\u00f8tter, <a style=\"color: #000000;\" href=\"https:\/\/www.flickr.com\/photos\/jakecaptive\/2147860104\/\">&#8222;Berlin part I &#8211; 2008&#8220;<\/a>, Flickr, <a style=\"color: #000000;\" href=\"https:\/\/creativecommons.org\/licenses\/by\/2.0\/\">CC-BY 2.0<\/a>, cropped &amp; colour changed<\/span><\/h6>\n<\/div><\/div><\/div><\/div><\/div><\/div><div class=\"clearfix\"><\/div><div class=\"fusion-text fusion-text-2\"><p>Um diese Fragen zu beantworten, befragten wir Menschen in Hamburg und Berlin. In beiden St\u00e4dten ist die soziale Ausgrenzung, zum Beispiel durch steigende Wohnkosten, ein wachsendes Problem. Au\u00dferdem haben wir geografische Analysen vorgenommen, um die r\u00e4umliche Verteilung der \u201eMobilit\u00e4tsarmut\u201c zu ergr\u00fcnden.<\/p>\n<p><strong>Das Projekt MobileInclusion ist abgeschlossen.<\/strong> Mit dem Projekt haben wir dazu beigetragen, st\u00e4dtische \u201eMobilit\u00e4tsarmut\u201c zu beschreiben und schlagen Strategiepfade vor, um sie zu lindern.<\/p>\n<p><strong>Sie m\u00f6chten sich einen \u00dcberblick verschaffen?<br \/>\n<\/strong><span class=\"--l --r sentence_highlight\">\u27bd\u00a0<\/span>Lesen Sie\u00a0<strong><a href=\"https:\/\/mobileinclusion.projects.tu-berlin.de\/mi\/mobilitaet-gerechtigkeit-fazit\/\">unser Fazit im Blog<\/a>.<br \/>\n<\/strong><\/p>\n<p><strong>Sie m\u00f6chten es genauer wissen?<br \/>\n<\/strong><span class=\"--l --r sentence_highlight\">\u27bd\u00a0<\/span>Im <a href=\"https:\/\/mobileinclusion.projects.tu-berlin.de\/mi\/material\/\"><strong>Downloadbereich<\/strong><\/a> finden Sie ausgew\u00e4hltes Material, das in die Tiefe geht.<strong><br \/>\n<\/strong><\/p>\n<p>MobileInclusion war ein Partnerprojekt des Fachbereichs Integrierte Verkehrsplanung der TU Berlin und des Instituts f\u00fcr Verkehrsplanung und Logistik der TU Hamburg. Es wurde von der Deutschen Forschungsgemeinschaft gef\u00f6rdert.<\/p>\n<\/div><style type='text\/css'>.reading-box-container-1 .element-bottomshadow:before,.reading-box-container-1 .element-bottomshadow:after{opacity:0.7;}<\/style><div class=\"fusion-reading-box-container reading-box-container-1\" style=\"margin-top:0px;margin-bottom:84px;\"><div class=\"reading-box\" style=\"background-color:rgba(23,128,114,0.29);border-width:1px;border-color:#f6f6f6;border-left-width:3px;border-left-color:var(--primary_color);border-style:solid;\"><a class=\"button fusion-button button-default fusion-button-default-size button-default-size button-flat fusion-desktop-button fusion-tagline-button continue fusion-desktop-button-margin continue-right\" style=\"-webkit-box-shadow:none;-moz-box-shadow:none;box-shadow:none;border-radius:0px 0px 0px 0px\" href=\"https:\/\/mobileinclusion.projects.tu-berlin.de\/mi\/forschungsplan\/\" target=\"_self\"><span>Zum Forschungsplan<\/span><\/a><h2>Forschungsdesign<br \/>\nf\u00fcr ein komplexes Problem<\/h2><div class=\"reading-box-description fusion-reading-box-additional\">Soziale Ausgrenzung und ihre Wechselwirkung mit Mobilit\u00e4t sind komplexe Ph\u00e4nomene. Um sie zu beleuchten, haben wir einen achtstufigen Forschungsplan aufgestellt, der qualitative und quantitative Methoden kombiniert.<\/div><div class=\"fusion-clearfix\"><\/div><a class=\"button fusion-button button-default fusion-button-default-size button-default-size button-flat fusion-mobile-button continue-right\" style=\"-webkit-box-shadow:none;-moz-box-shadow:none;box-shadow:none;border-radius:0px 0px 0px 0px\" href=\"https:\/\/mobileinclusion.projects.tu-berlin.de\/mi\/forschungsplan\/\" target=\"_self\"><span>Zum Forschungsplan<\/span><\/a><\/div><\/div><div class=\"fusion-clearfix\"><\/div><\/div><\/div><\/div><\/div>\n","protected":false},"excerpt":{"rendered":"","protected":false},"author":2,"featured_media":0,"parent":0,"menu_order":0,"comment_status":"closed","ping_status":"closed","template":"","meta":{"footnotes":""},"class_list":["post-108","page","type-page","status-publish","hentry"],"yoast_head":"<!-- This site is optimized with the Yoast SEO plugin v27.4 - https:\/\/yoast.com\/product\/yoast-seo-wordpress\/ -->\n<title>MobileInclusion - MobileInclusion<\/title>\n<meta name=\"robots\" content=\"index, follow, max-snippet:-1, max-image-preview:large, max-video-preview:-1\" \/>\n<link rel=\"canonical\" href=\"https:\/\/mobileinclusion.projects.tu-berlin.de\/mi\/\" \/>\n<meta property=\"og:locale\" content=\"de_DE\" \/>\n<meta property=\"og:type\" content=\"article\" \/>\n<meta property=\"og:title\" content=\"MobileInclusion - MobileInclusion\" \/>\n<meta property=\"og:url\" content=\"https:\/\/mobileinclusion.projects.tu-berlin.de\/mi\/\" \/>\n<meta property=\"og:site_name\" content=\"MobileInclusion\" \/>\n<meta property=\"article:modified_time\" content=\"2025-03-11T18:41:34+00:00\" \/>\n<meta name=\"twitter:card\" content=\"summary_large_image\" \/>\n<meta name=\"twitter:site\" content=\"@mobileinclusion\" \/>\n<meta name=\"twitter:label1\" content=\"Gesch\u00e4tzte Lesezeit\" \/>\n\t<meta name=\"twitter:data1\" content=\"3\u00a0Minuten\" \/>\n<script type=\"application\/ld+json\" class=\"yoast-schema-graph\">{\"@context\":\"https:\\\/\\\/schema.org\",\"@graph\":[{\"@type\":\"WebPage\",\"@id\":\"https:\\\/\\\/mobileinclusion.projects.tu-berlin.de\\\/mi\\\/\",\"url\":\"https:\\\/\\\/mobileinclusion.projects.tu-berlin.de\\\/mi\\\/\",\"name\":\"MobileInclusion - MobileInclusion\",\"isPartOf\":{\"@id\":\"https:\\\/\\\/mobileinclusion.projects.tu-berlin.de\\\/mi\\\/#website\"},\"datePublished\":\"2018-02-08T14:00:50+00:00\",\"dateModified\":\"2025-03-11T18:41:34+00:00\",\"breadcrumb\":{\"@id\":\"https:\\\/\\\/mobileinclusion.projects.tu-berlin.de\\\/mi\\\/#breadcrumb\"},\"inLanguage\":\"de\",\"potentialAction\":[{\"@type\":\"ReadAction\",\"target\":[\"https:\\\/\\\/mobileinclusion.projects.tu-berlin.de\\\/mi\\\/\"]}]},{\"@type\":\"BreadcrumbList\",\"@id\":\"https:\\\/\\\/mobileinclusion.projects.tu-berlin.de\\\/mi\\\/#breadcrumb\",\"itemListElement\":[{\"@type\":\"ListItem\",\"position\":1,\"name\":\"Home\",\"item\":\"https:\\\/\\\/mobileinclusion.projects.tu-berlin.de\\\/mi\\\/\"},{\"@type\":\"ListItem\",\"position\":2,\"name\":\"MobileInclusion\"}]},{\"@type\":\"WebSite\",\"@id\":\"https:\\\/\\\/mobileinclusion.projects.tu-berlin.de\\\/mi\\\/#website\",\"url\":\"https:\\\/\\\/mobileinclusion.projects.tu-berlin.de\\\/mi\\\/\",\"name\":\"MobileInclusion\",\"description\":\"Forschung zu Mobilit\u00e4t und Sozialer Ausgrenzung\",\"potentialAction\":[{\"@type\":\"SearchAction\",\"target\":{\"@type\":\"EntryPoint\",\"urlTemplate\":\"https:\\\/\\\/mobileinclusion.projects.tu-berlin.de\\\/mi\\\/?s={search_term_string}\"},\"query-input\":{\"@type\":\"PropertyValueSpecification\",\"valueRequired\":true,\"valueName\":\"search_term_string\"}}],\"inLanguage\":\"de\"}]}<\/script>\n<!-- \/ Yoast SEO plugin. -->","yoast_head_json":{"title":"MobileInclusion - MobileInclusion","robots":{"index":"index","follow":"follow","max-snippet":"max-snippet:-1","max-image-preview":"max-image-preview:large","max-video-preview":"max-video-preview:-1"},"canonical":"https:\/\/mobileinclusion.projects.tu-berlin.de\/mi\/","og_locale":"de_DE","og_type":"article","og_title":"MobileInclusion - MobileInclusion","og_url":"https:\/\/mobileinclusion.projects.tu-berlin.de\/mi\/","og_site_name":"MobileInclusion","article_modified_time":"2025-03-11T18:41:34+00:00","twitter_card":"summary_large_image","twitter_site":"@mobileinclusion","twitter_misc":{"Gesch\u00e4tzte Lesezeit":"3\u00a0Minuten"},"schema":{"@context":"https:\/\/schema.org","@graph":[{"@type":"WebPage","@id":"https:\/\/mobileinclusion.projects.tu-berlin.de\/mi\/","url":"https:\/\/mobileinclusion.projects.tu-berlin.de\/mi\/","name":"MobileInclusion - MobileInclusion","isPartOf":{"@id":"https:\/\/mobileinclusion.projects.tu-berlin.de\/mi\/#website"},"datePublished":"2018-02-08T14:00:50+00:00","dateModified":"2025-03-11T18:41:34+00:00","breadcrumb":{"@id":"https:\/\/mobileinclusion.projects.tu-berlin.de\/mi\/#breadcrumb"},"inLanguage":"de","potentialAction":[{"@type":"ReadAction","target":["https:\/\/mobileinclusion.projects.tu-berlin.de\/mi\/"]}]},{"@type":"BreadcrumbList","@id":"https:\/\/mobileinclusion.projects.tu-berlin.de\/mi\/#breadcrumb","itemListElement":[{"@type":"ListItem","position":1,"name":"Home","item":"https:\/\/mobileinclusion.projects.tu-berlin.de\/mi\/"},{"@type":"ListItem","position":2,"name":"MobileInclusion"}]},{"@type":"WebSite","@id":"https:\/\/mobileinclusion.projects.tu-berlin.de\/mi\/#website","url":"https:\/\/mobileinclusion.projects.tu-berlin.de\/mi\/","name":"MobileInclusion","description":"Forschung zu Mobilit\u00e4t und Sozialer Ausgrenzung","potentialAction":[{"@type":"SearchAction","target":{"@type":"EntryPoint","urlTemplate":"https:\/\/mobileinclusion.projects.tu-berlin.de\/mi\/?s={search_term_string}"},"query-input":{"@type":"PropertyValueSpecification","valueRequired":true,"valueName":"search_term_string"}}],"inLanguage":"de"}]}},"_links":{"self":[{"href":"https:\/\/mobileinclusion.projects.tu-berlin.de\/mi\/wp-json\/wp\/v2\/pages\/108","targetHints":{"allow":["GET"]}}],"collection":[{"href":"https:\/\/mobileinclusion.projects.tu-berlin.de\/mi\/wp-json\/wp\/v2\/pages"}],"about":[{"href":"https:\/\/mobileinclusion.projects.tu-berlin.de\/mi\/wp-json\/wp\/v2\/types\/page"}],"author":[{"embeddable":true,"href":"https:\/\/mobileinclusion.projects.tu-berlin.de\/mi\/wp-json\/wp\/v2\/users\/2"}],"replies":[{"embeddable":true,"href":"https:\/\/mobileinclusion.projects.tu-berlin.de\/mi\/wp-json\/wp\/v2\/comments?post=108"}],"version-history":[{"count":20,"href":"https:\/\/mobileinclusion.projects.tu-berlin.de\/mi\/wp-json\/wp\/v2\/pages\/108\/revisions"}],"predecessor-version":[{"id":781,"href":"https:\/\/mobileinclusion.projects.tu-berlin.de\/mi\/wp-json\/wp\/v2\/pages\/108\/revisions\/781"}],"wp:attachment":[{"href":"https:\/\/mobileinclusion.projects.tu-berlin.de\/mi\/wp-json\/wp\/v2\/media?parent=108"}],"curies":[{"name":"wp","href":"https:\/\/api.w.org\/{rel}","templated":true}]}}